{"id":10115,"date":"2022-09-18T22:00:56","date_gmt":"2022-09-18T20:00:56","guid":{"rendered":"https:\/\/www.creationsmessageres.com\/william-amor-artiste-ennoblisseur-de-matiere\/"},"modified":"2026-03-24T18:48:52","modified_gmt":"2026-03-24T17:48:52","slug":"william-amor-artiste-ennoblisseur-de-matiere","status":"publish","type":"page","link":"https:\/\/www.creationsmessageres.com\/en\/william-amor-artiste-ennoblisseur-de-matiere\/","title":{"rendered":"William Amor, artist and material ennobler"},"content":{"rendered":"\t\t<div data-elementor-type=\"wp-page\" data-elementor-id=\"10115\" class=\"elementor elementor-10115 elementor-8435\" data-elementor-post-type=\"page\">\n\t\t\t\t\t\t<section class=\"elementor-section elementor-top-section elementor-element elementor-element-1850b40 elementor-section-boxed elementor-section-height-default elementor-section-height-default qodef-elementor-content-no\" data-id=\"1850b40\" data-element_type=\"section\">\n\t\t\t\t\t\t<div class=\"elementor-container elementor-column-gap-default\">\n\t\t\t\t\t<div class=\"elementor-column elementor-col-50 elementor-top-column elementor-element elementor-element-2bd9374\" data-id=\"2bd9374\" data-element_type=\"column\">\n\t\t\t<div class=\"elementor-widget-wrap elementor-element-populated\">\n\t\t\t\t\t\t<div class=\"elementor-element elementor-element-8bb7f88 e-transform elementor-widget elementor-widget-text-editor\" data-id=\"8bb7f88\" data-element_type=\"widget\" data-settings=\"{&quot;_transform_translateX_effect&quot;:{&quot;unit&quot;:&quot;px&quot;,&quot;size&quot;:0,&quot;sizes&quot;:[]},&quot;_transform_translateX_effect_tablet&quot;:{&quot;unit&quot;:&quot;px&quot;,&quot;size&quot;:&quot;&quot;,&quot;sizes&quot;:[]},&quot;_transform_translateX_effect_mobile&quot;:{&quot;unit&quot;:&quot;px&quot;,&quot;size&quot;:&quot;&quot;,&quot;sizes&quot;:[]},&quot;_transform_translateY_effect&quot;:{&quot;unit&quot;:&quot;px&quot;,&quot;size&quot;:&quot;&quot;,&quot;sizes&quot;:[]},&quot;_transform_translateY_effect_tablet&quot;:{&quot;unit&quot;:&quot;px&quot;,&quot;size&quot;:&quot;&quot;,&quot;sizes&quot;:[]},&quot;_transform_translateY_effect_mobile&quot;:{&quot;unit&quot;:&quot;px&quot;,&quot;size&quot;:&quot;&quot;,&quot;sizes&quot;:[]}}\" data-widget_type=\"text-editor.default\">\n\t\t\t\t<div class=\"elementor-widget-container\">\n\t\t\t\t\t\t\t\t\t<p>William Amor<\/p>\t\t\t\t\t\t\t\t<\/div>\n\t\t\t\t<\/div>\n\t\t\t\t<div class=\"elementor-element elementor-element-b222f0f elementor-widget__width-initial elementor-widget elementor-widget-mevoy_core_section_title\" data-id=\"b222f0f\" data-element_type=\"widget\" data-widget_type=\"mevoy_core_section_title.default\">\n\t\t\t\t<div class=\"elementor-widget-container\">\n\t\t\t\t\t<div class=\"qodef-shortcode qodef-m  qodef-section-title qodef-alignment--left \">\n\t\t<h6 class=\"qodef-m-subtitle\">Ennoblisseur de mati\u00e8res d\u00e9laiss\u00e9es<\/h6>\n\t\t<h2 class=\"qodef-m-title\" >\n\t\t\t\t\tVisual artist\t\t\t<\/h2>\n\t<\/div>\t\t\t\t<\/div>\n\t\t\t\t<\/div>\n\t\t\t\t<div class=\"elementor-element elementor-element-d46371b elementor-widget elementor-widget-text-editor\" data-id=\"d46371b\" data-element_type=\"widget\" data-widget_type=\"text-editor.default\">\n\t\t\t\t<div class=\"elementor-widget-container\">\n\t\t\t\t\t\t\t\t\t<p>William Amor&#8217;s artistic approach is rooted in a desire to place art at the service of poetry, life and ecology. With his singular, sensitive and meaningful works, the artist proposes a new way of looking at everything that surrounds us and everything whose presence, existence and origin we have forgotten or denigrated. <\/p><p>The philosophy of the artist and his works calls for a break with value judgments. William Amor uses our pollutant waste, that of our daily lives and neglected materials to imagine artistic works inspired by nature and the living, baptized Les Cr\u00e9ations Messag\u00e8res. Driven by a taste for commitment and aestheticism, he metamorphoses plastic pollution and creates his own artistic signature by developing and imagining his own techniques, some of which are borrowed from the arts and crafts&#8230;  <\/p>\t\t\t\t\t\t\t\t<\/div>\n\t\t\t\t<\/div>\n\t\t\t\t\t<\/div>\n\t\t<\/div>\n\t\t\t\t<div class=\"elementor-column elementor-col-50 elementor-top-column elementor-element elementor-element-312fdec\" data-id=\"312fdec\" data-element_type=\"column\">\n\t\t\t<div class=\"elementor-widget-wrap elementor-element-populated\">\n\t\t\t\t\t\t<div class=\"elementor-element elementor-element-a710da4 elementor-widget elementor-widget-image\" data-id=\"a710da4\" data-element_type=\"widget\" data-widget_type=\"image.default\">\n\t\t\t\t<div class=\"elementor-widget-container\">\n\t\t\t\t\t\t\t\t\t\t\t\t\t\t\t<img fetchpriority=\"high\" decoding=\"async\" width=\"700\" height=\"1024\" src=\"https:\/\/www.creationsmessageres.com\/wp-content\/uploads\/2022\/09\/Portrait_W.Amor@Damien-Grenon-700x1024.jpg\" class=\"attachment-large size-large wp-image-9712\" alt=\"\" srcset=\"https:\/\/www.creationsmessageres.com\/wp-content\/uploads\/2022\/09\/Portrait_W.Amor@Damien-Grenon-700x1024.jpg 700w, https:\/\/www.creationsmessageres.com\/wp-content\/uploads\/2022\/09\/Portrait_W.Amor@Damien-Grenon-205x300.jpg 205w, https:\/\/www.creationsmessageres.com\/wp-content\/uploads\/2022\/09\/Portrait_W.Amor@Damien-Grenon-768x1123.jpg 768w, https:\/\/www.creationsmessageres.com\/wp-content\/uploads\/2022\/09\/Portrait_W.Amor@Damien-Grenon.jpg 800w\" sizes=\"(max-width: 700px) 100vw, 700px\" \/>\t\t\t\t\t\t\t\t\t\t\t\t\t\t\t<\/div>\n\t\t\t\t<\/div>\n\t\t\t\t\t<\/div>\n\t\t<\/div>\n\t\t\t\t\t<\/div>\n\t\t<\/section>\n\t\t\t\t<section class=\"elementor-section elementor-top-section elementor-element elementor-element-c2c5791 elementor-section-boxed elementor-section-height-default elementor-section-height-default qodef-elementor-content-no\" data-id=\"c2c5791\" data-element_type=\"section\">\n\t\t\t\t\t\t<div class=\"elementor-container elementor-column-gap-default\">\n\t\t\t\t\t<div class=\"elementor-column elementor-col-50 elementor-top-column elementor-element elementor-element-adfd0a4\" data-id=\"adfd0a4\" data-element_type=\"column\">\n\t\t\t<div class=\"elementor-widget-wrap elementor-element-populated\">\n\t\t\t\t\t\t<div class=\"elementor-element elementor-element-f67e9fd elementor-widget elementor-widget-text-editor\" data-id=\"f67e9fd\" data-element_type=\"widget\" data-widget_type=\"text-editor.default\">\n\t\t\t\t<div class=\"elementor-widget-container\">\n\t\t\t\t\t\t\t\t\t<p>These everyday scraps become exceptional pieces, conveying meaning and values. The artist distills a touch of beauty and poetry while raising awareness of pollution-producing overconsumption. William Amor&#8217;s leitmotiv is to create meaning and shed light on essential values that can be neglected in today&#8217;s society.  <\/p><p>In the 2000s, Cr\u00e9ations Messag\u00e8res was born from the metamorphosis of plastic materials abandoned in nature.<\/p>\t\t\t\t\t\t\t\t<\/div>\n\t\t\t\t<\/div>\n\t\t\t\t\t<\/div>\n\t\t<\/div>\n\t\t\t\t<div class=\"elementor-column elementor-col-50 elementor-top-column elementor-element elementor-element-fb20b37\" data-id=\"fb20b37\" data-element_type=\"column\">\n\t\t\t<div class=\"elementor-widget-wrap elementor-element-populated\">\n\t\t\t\t\t\t<div class=\"elementor-element elementor-element-5e9bea5 elementor-widget elementor-widget-text-editor\" data-id=\"5e9bea5\" data-element_type=\"widget\" data-widget_type=\"text-editor.default\">\n\t\t\t\t<div class=\"elementor-widget-container\">\n\t\t\t\t\t\t\t\t\t<p>&#8220;Plastic waste is a terrible symbol of the excesses of our society and the catastrophic effects on all living things. It is heresy to consider an indestructible material derived from non-renewable resources as a single-use material: a value judgment with far-reaching consequences.&#8221;<\/p><p>  William Amor&#8217;s creations are poetic messengers, provoking emotions and changing the way we look at things. Plastic waste can become the most beautiful and sensual thing on earth: a pretty, fragile, graceful flower.<\/p>\t\t\t\t\t\t\t\t<\/div>\n\t\t\t\t<\/div>\n\t\t\t\t\t<\/div>\n\t\t<\/div>\n\t\t\t\t\t<\/div>\n\t\t<\/section>\n\t\t\t\t<section class=\"elementor-section elementor-top-section elementor-element elementor-element-9a1171a elementor-section-boxed elementor-section-height-default elementor-section-height-default qodef-elementor-content-no\" data-id=\"9a1171a\" data-element_type=\"section\">\n\t\t\t\t\t\t<div class=\"elementor-container elementor-column-gap-default\">\n\t\t\t\t\t<div class=\"elementor-column elementor-col-100 elementor-top-column elementor-element elementor-element-2b451d1\" data-id=\"2b451d1\" data-element_type=\"column\">\n\t\t\t<div class=\"elementor-widget-wrap elementor-element-populated\">\n\t\t\t\t\t\t<div class=\"elementor-element elementor-element-57041f9 elementor-widget-divider--view-line elementor-widget elementor-widget-divider\" data-id=\"57041f9\" data-element_type=\"widget\" data-widget_type=\"divider.default\">\n\t\t\t\t<div class=\"elementor-widget-container\">\n\t\t\t\t\t\t\t<div class=\"elementor-divider\">\n\t\t\t<span class=\"elementor-divider-separator\">\n\t\t\t\t\t\t<\/span>\n\t\t<\/div>\n\t\t\t\t\t\t<\/div>\n\t\t\t\t<\/div>\n\t\t\t\t<div class=\"elementor-element elementor-element-8306ae6 elementor-widget__width-inherit elementor-widget elementor-widget-mevoy_core_section_title\" data-id=\"8306ae6\" data-element_type=\"widget\" data-widget_type=\"mevoy_core_section_title.default\">\n\t\t\t\t<div class=\"elementor-widget-container\">\n\t\t\t\t\t<div class=\"qodef-shortcode qodef-m  qodef-section-title qodef-alignment--left \">\n\t\t<h6 class=\"qodef-m-subtitle\">Awards<\/h6>\n\t\t<h2 class=\"qodef-m-title\" >\n\t\t\t\t\tAwards\t\t\t<\/h2>\n\t<\/div>\t\t\t\t<\/div>\n\t\t\t\t<\/div>\n\t\t\t\t<div class=\"elementor-element elementor-element-99e08a6 elementor-widget elementor-widget-text-editor\" data-id=\"99e08a6\" data-element_type=\"widget\" data-widget_type=\"text-editor.default\">\n\t\t\t\t<div class=\"elementor-widget-container\">\n\t\t\t\t\t\t\t\t\t<p><strong>Grand Prix de la Cr\u00e9ation de la Ville de Paris <\/strong>(Laur\u00e9at 2019), <strong>Fondation Banque Populaire <\/strong>(Laur\u00e9at 2019), <strong>Fondation Remy Cointreau <\/strong>(Laur\u00e9at 2020), <strong>Fondation EY <\/strong>(Laur\u00e9at 2019), <strong>Les ateliers de Paris<\/strong> (R\u00e9sident 2017 \u00e0 2019).<\/p>\t\t\t\t\t\t\t\t<\/div>\n\t\t\t\t<\/div>\n\t\t\t\t<div class=\"elementor-element elementor-element-adc0949 elementor-widget-divider--view-line elementor-widget elementor-widget-divider\" data-id=\"adc0949\" data-element_type=\"widget\" data-widget_type=\"divider.default\">\n\t\t\t\t<div class=\"elementor-widget-container\">\n\t\t\t\t\t\t\t<div class=\"elementor-divider\">\n\t\t\t<span class=\"elementor-divider-separator\">\n\t\t\t\t\t\t<\/span>\n\t\t<\/div>\n\t\t\t\t\t\t<\/div>\n\t\t\t\t<\/div>\n\t\t\t\t<div class=\"elementor-element elementor-element-f34b9bd elementor-widget__width-initial elementor-widget elementor-widget-mevoy_core_section_title\" data-id=\"f34b9bd\" data-element_type=\"widget\" data-widget_type=\"mevoy_core_section_title.default\">\n\t\t\t\t<div class=\"elementor-widget-container\">\n\t\t\t\t\t<div class=\"qodef-shortcode qodef-m  qodef-section-title qodef-alignment--left \">\n\t\t<h6 class=\"qodef-m-subtitle\">Events<\/h6>\n\t\t<h2 class=\"qodef-m-title\" >\n\t\t\t\t\tExhibitions\t\t\t<\/h2>\n\t<\/div>\t\t\t\t<\/div>\n\t\t\t\t<\/div>\n\t\t\t\t<div class=\"elementor-element elementor-element-5d0afe6 elementor-widget elementor-widget-text-editor\" data-id=\"5d0afe6\" data-element_type=\"widget\" data-widget_type=\"text-editor.default\">\n\t\t\t\t<div class=\"elementor-widget-container\">\n\t\t\t\t\t\t\t\t\t<h3 style=\"background-color: #ffffff;\"><span style=\"font-weight: bolder;\">2026<\/span><\/h3><p><strong>Galerie Vallois, <\/strong>Exposition \u2018Tendres d\u00e9bris\u2019 (Paris)<\/p><p><strong>Galerie Joseph \u2013 <\/strong>De main de ma\u00eetre, Exposition EGGXTRAORDINAIRE (Paris )<\/p><h3 style=\"background-color: #ffffff;\"><span style=\"font-weight: bolder;\">2025<\/span><\/h3><p><strong>Ond\u00e9e Messag\u00e8re&#8221; exhibition,<\/strong> Passage du Havre (Paris 9) &#8211; <strong>Les M\u00e9tamorphoses exhibition \/ Conscious Paris, <\/strong>(Paris)<strong>, <\/strong>Les Iris plastic bottle by William Amor associated with Garrafon created by the Fr\u00e8res Campana studio &#8211; <strong>Galerie Caract\u00e8re, &#8216;Bijoux d&#8217;exception&#8217; exhibition <\/strong>(Neufch\u00e2tel, Switzerland) &#8211; <strong>Wilde Le Lieu \/ Paris Design Week, La Villa du Lavoir exhibition &#8211; &#8216;Vert Nuit, Noir Jade&#8217; <\/strong>(Paris)<\/p><h3 style=\"background-color: #ffffff;\"><span style=\"font-weight: bolder;\">2024<\/span><\/h3><p><strong>Exhibition LANC\u00d4ME, The Art of Absolue <\/strong>(Shanghai, China)<strong>, <\/strong>&#8216;Th\u00e9\u00e2tre de la m\u00e9tamorphose&#8217; by William Amor &#8211; C. E Lucille Enel &amp; Isabelle Gavalda &#8211; <strong>Centre d&#8217;Art Gallifet, Exhibition Les Racines Poussent dans l&#8217;ombre (France, Aix-en-Provence) &#8211; C.E <\/strong>Morgane Baroghel- Crucq <strong> &#8211;<\/strong><strong><span lang=\"EN-US\">Exhibition HOMO FABER 2024, The Journey of Life <\/span><\/strong><span lang=\"EN-US\">(Venice, Italy)<\/span><\/p><h3><strong>2023<\/strong><\/h3><p><strong>Balsan \/ Paris Design Week, <\/strong>&#8216;Symbiose&#8217; by William Amor &#8211; <strong>H\u00f4tel de ville de Paris, <\/strong>Expo les 30 ans des Grands Prix de la cr\u00e9ation \/ journ\u00e9es europ\u00e9ennes du Patrimoine 2023 &#8211; <strong>Philharmonie de Paris, <\/strong>Le Gala de la Philharmonie &#8211; <strong>Galerie Isabelle Delannoy \/ March\u00e9 Biron, <\/strong>Un Marchand, Un Artiste 2023 &#8211; <sup>5\u00e8me<\/sup> \u00e9dition &#8211; <strong>The Caring Gallery, <\/strong>&#8216;Encore &amp; Encore&#8217; exhibition. C.E Mme Anne Sophie B\u00e9rard <\/p><h3><strong>2022<\/strong><\/h3><p><strong>Ritz New York, <\/strong>Launch Rare Champagne 2012 X William Amor &#8211; <strong>H\u00f4tel de ville de Paris \/ Fondation Dosne-Thiers, Institut de France, <\/strong>Les journ\u00e9es europ\u00e9ennes du Patrimoine 2022 &#8211; <strong>Mus\u00e9e Mass\u00e9na, <\/strong>&#8216;Nice, Reine des fleurs&#8217;. C.E Mr Jean Jacques Aillagon &#8211; <strong>Homo Faber, <\/strong>&#8216;Crafting a more human future&#8217; &#8211; <strong>R\u00e9v\u00e9lations, Grand Palais Eph\u00e9m\u00e8re, <\/strong>&#8216;Le ballet des p\u00e9tro-m\u00e9duses&#8217;- <strong>Centre Beaugrenelle, <\/strong>&#8216;Les bouteilles \u00e0 la mer&#8217; (Bottles to the sea) <\/p><h3><strong>2021<\/strong><\/h3><p><strong>Mus\u00e9e Cognacq-Jay, <\/strong>&#8216;William Amor X Cognacq-Jay&#8217; &#8211; <strong>Galerie By Chatel <\/strong>&#8216;Pop Art 2&#8217; &#8211; <strong>Mairie de paris \/ Galerie Lafayette <\/strong>&#8216;Le Paris des talents \/ Paris Mon Amour&#8217; &#8211; <strong>Mobilier National <\/strong>&#8216;Mati\u00e8res \u00e0 l&#8217;\u0153uvre<\/p><h3><strong>2020<\/strong><\/h3><p><strong>Maison Guerlain, <\/strong>&#8216;Exposition William Amor&#8217; &#8211; <strong>BHV Marais \/ Paris Design Week, <\/strong>&#8216;\u00c9conomies de mati\u00e8res&#8217; &#8211; <strong>Galerie By Chatel <\/strong>&#8216;Fondation Banque Populaire&#8217;-<strong> Joyce Galerie <\/strong>&#8216;Talents \u00e0 suivre<\/p><h3><strong>2019<\/strong><\/h3><p><strong>R\u00e9v\u00e9lations, Grand Palais, <\/strong>&#8216;Envol\u00e9e Po\u00e9tique&#8217;- <strong>Drouot, <\/strong>&#8216;Mani\u00e8re Mati\u00e8re&#8217; &#8211; <strong>Drouot, <\/strong>&#8216;Mani\u00e8re Mati\u00e8re&#8217; &#8211; <strong>BHV Marais, <\/strong>&#8216;Design Italia&#8217; &#8211; <strong>Galerie Rossana Orlandi Milan, <\/strong>&#8216;RoGuiltlessPlastic&#8217; &#8211; <strong>Museo Nazionale della Scienza e della Tecnologia Leonardo da Vinci, <\/strong>&#8216;Railway Flowers&#8217;<\/p><p>&#8211; <strong>Palais des Congr\u00e8s, <\/strong>&#8216;Printemps suspendu&#8217; &#8211; <strong>Galeria Rossana Orlandi Milan, <\/strong>&#8216;RoGuiltlessPlastic&#8217; &#8211; <strong>Maison du Docteur Gachet, <\/strong>&#8216;Jardins, joies du Val d&#8217;Oise&#8217; &#8211; &#8211; The House of <strong>the Doctor Gachet <\/strong>, &#8216;Jardins, joies du Val d&#8217;Oise&#8217;.<\/p><h3><strong>2018<\/strong><\/h3><p><strong>H\u00f4tel de Ville de Paris, <\/strong>&#8216;Les journ\u00e9es du Patrimoine 2018&#8217;- <strong>H\u00f4tel Renaissance Arc de Triomphe, <\/strong>&#8216;Jardin d&#8217;Hiver William Amor X Marine Peyre&#8217;<\/p><h3><strong>2017<\/strong><\/h3><p><strong>Mus\u00e9e des Arts D\u00e9coratifs de Paris &#8211; 107 Rivoli, <\/strong>&#8216;Christian Dior Exhibition&#8217;.<\/p><h3><strong>2016<\/strong><\/h3><p><strong>Ch\u00e2teau Maison Lafitte, <\/strong>&#8216;Totalement D\u00e9sar\u00e7onn\u00e9s&#8217; &#8211; <strong>Viaduc des Arts \/ Herv\u00e9 \u00c9b\u00e9niste, <\/strong>&#8216;Nuit Blanche 2016&#8217; &#8211; <strong>La Rotonde de Stalingrad \/ Syctom, <\/strong>&#8216;Paris Design Week&#8217; &#8211; <strong>Galerie La Marraine \/ Mus\u00e9e du Luxembourg, <\/strong>Apr\u00e8s Fantin-Latour&#8217; &#8211; <strong>Galerie VIA, <\/strong>&#8216;Les off de l&#8217;art et du design v\u00e9g\u00e9tal&#8217; &#8211; <strong>Ch\u00e2teau d&#8217;Auvers-sur-Oise \/ Les Irisiades, <\/strong>&#8216;L&#8217;\u00c9den des Temps Modernes&#8217; &#8211; <strong>Les Ateliers de Paris \/ JEMA 16, <\/strong>&#8216;Cr\u00e9ateurs solidaires<\/p><h3><strong>2015<\/strong><\/h3><p><strong>Le Front de Mode \/ COP 21, <\/strong>&#8216;La d\u00e9chetterie, Fleuriste de Luxe&#8217; (The waste disposal center, luxury florist)<\/p>\t\t\t\t\t\t\t\t<\/div>\n\t\t\t\t<\/div>\n\t\t\t\t<div class=\"elementor-element elementor-element-122a80f elementor-widget-divider--view-line elementor-widget elementor-widget-divider\" data-id=\"122a80f\" data-element_type=\"widget\" data-widget_type=\"divider.default\">\n\t\t\t\t<div class=\"elementor-widget-container\">\n\t\t\t\t\t\t\t<div class=\"elementor-divider\">\n\t\t\t<span class=\"elementor-divider-separator\">\n\t\t\t\t\t\t<\/span>\n\t\t<\/div>\n\t\t\t\t\t\t<\/div>\n\t\t\t\t<\/div>\n\t\t\t\t<div class=\"elementor-element elementor-element-6ed4a78 elementor-widget__width-initial elementor-widget elementor-widget-mevoy_core_section_title\" data-id=\"6ed4a78\" data-element_type=\"widget\" data-widget_type=\"mevoy_core_section_title.default\">\n\t\t\t\t<div class=\"elementor-widget-container\">\n\t\t\t\t\t<div class=\"qodef-shortcode qodef-m  qodef-section-title qodef-alignment--left \">\n\t\t<h6 class=\"qodef-m-subtitle\">Collaborations<\/h6>\n\t\t<h2 class=\"qodef-m-title\" >\n\t\t\t\t\tWe sprouted messengers together!\t\t\t<\/h2>\n\t<\/div>\t\t\t\t<\/div>\n\t\t\t\t<\/div>\n\t\t\t\t<div class=\"elementor-element elementor-element-c77e1de elementor-widget elementor-widget-text-editor\" data-id=\"c77e1de\" data-element_type=\"widget\" data-widget_type=\"text-editor.default\">\n\t\t\t\t<div class=\"elementor-widget-container\">\n\t\t\t\t\t\t\t\t\t<p>Galerie Vallois \u2013 De main de ma\u00eetre \u2013 DIOR Haute Couture \/ Jonathan Anderson \u2013 Boucheron Taiwan \u2013 Cartier International \u2013 Passage du Havre \u2013 Madame Figaro \u2013 Galerie Caract\u00e8res &#8211; Wilde Le Lieu \u2013 Versace \u2013 Chopard \u2013 Balenciaga \/ Demna Gvasalia \u2013 Piaget \/ Agence Caract\u00e8res<span style=\"background-color: #ffffff;\"> \u2013 <\/span> Balmain \/ Olivier Rousteing &#8211; Somexing \/ Lanc\u00f4me \u2013 Maison Balsan \u2013 KPMG \u2013 Philharmonie de Paris \/ Centre Beaugrenelle \/ Apsys Group &#8211; Rare Champagne \/ Piper-Heidsieck \u2013 Richard Mille \u2013Havas \u2013 L\u2019Or\u00e9al Luxe \u2013 Mus\u00e9e Massena \u2013 Mus\u00e9e Cognacq-Jay \u2013 Cointreau \u2013 Dior \u2013 Guerlain \u2013 Chanel \u2013 Icicle \u2013 Kenzo Parfums \u2013 Ville de Paris \u2013 Les Canaux \u2013 Fondation Banque Populaire \u2013 F\u00e9d\u00e9ration Banque Populaire \u2013 Pomme d\u2019eau \u2013 AGEFI \u2013 Creature Agency \u2013 Groupe Rocher \u2013 Financial Times \u2013 Viktor &amp; Rolf \u2013 Lesage \u2013 Melvita Japon \u2013 Renaud Pellegrino \u2013 Veolia \u2013 RIVP \u2013 Fondation Remy Cointreau \u2013 ROSSANA ORLANDI \/ Museo Leonardo da Vinci \u2013 Les Ateliers de Paris \u2013 INMA \u2013 GEAI \u2013 H\u00f4tel Renaissance \/ Groupe H\u00f4tel Marriott \u2013 Groupe Pochet \u2013 D\u00e9partement Val d\u2019Oise \u2013 Landmark Hong Kong \u2013 France M\u00e9dia Monde \u2013 Arteum, Mus\u00e9e des Arts d\u00e9coratifs de Paris, Louis Quatorze, Eve &amp; Daphn\u00e9e Parfum \u2026 <\/p>\t\t\t\t\t\t\t\t<\/div>\n\t\t\t\t<\/div>\n\t\t\t\t\t<\/div>\n\t\t<\/div>\n\t\t\t\t\t<\/div>\n\t\t<\/section>\n\t\t\t\t<\/div>\n\t\t","protected":false},"excerpt":{"rendered":"<p>William Amor Ennoblisseur de mati\u00e8res d\u00e9laiss\u00e9es Visual artist William Amor&#8217;s artistic approach is rooted in a desire to place art at the service of poetry, life and ecology. With his singular, sensitive and meaningful works, the artist proposes a new way of looking at everything that surrounds us and everything whose presence, existence and origin [&hellip;]<\/p>\n","protected":false},"author":2,"featured_media":0,"parent":0,"menu_order":0,"comment_status":"closed","ping_status":"closed","template":"page-full-width.php","meta":{"footnotes":""},"class_list":["post-10115","page","type-page","status-publish","hentry"],"jetpack_sharing_enabled":true,"_links":{"self":[{"href":"https:\/\/www.creationsmessageres.com\/en\/wp-json\/wp\/v2\/pages\/10115","targetHints":{"allow":["GET"]}}],"collection":[{"href":"https:\/\/www.creationsmessageres.com\/en\/wp-json\/wp\/v2\/pages"}],"about":[{"href":"https:\/\/www.creationsmessageres.com\/en\/wp-json\/wp\/v2\/types\/page"}],"author":[{"embeddable":true,"href":"https:\/\/www.creationsmessageres.com\/en\/wp-json\/wp\/v2\/users\/2"}],"replies":[{"embeddable":true,"href":"https:\/\/www.creationsmessageres.com\/en\/wp-json\/wp\/v2\/comments?post=10115"}],"version-history":[{"count":63,"href":"https:\/\/www.creationsmessageres.com\/en\/wp-json\/wp\/v2\/pages\/10115\/revisions"}],"predecessor-version":[{"id":15290,"href":"https:\/\/www.creationsmessageres.com\/en\/wp-json\/wp\/v2\/pages\/10115\/revisions\/15290"}],"wp:attachment":[{"href":"https:\/\/www.creationsmessageres.com\/en\/wp-json\/wp\/v2\/media?parent=10115"}],"curies":[{"name":"wp","href":"https:\/\/api.w.org\/{rel}","templated":true}]}}